{"id":78,"date":"2017-12-12T11:24:21","date_gmt":"2017-12-12T15:24:21","guid":{"rendered":"http:\/\/ayuntamiento.guineo\/transparencia\/?page_id=78"},"modified":"2020-02-17T11:05:31","modified_gmt":"2020-02-17T15:05:31","slug":"definicion-oaim-oficina-de-acceso-a-la-informacion-municipal","status":"publish","type":"page","link":"https:\/\/ayuntamientomao.gob.do\/transparencia\/definicion-oaim-oficina-de-acceso-a-la-informacion-municipal\/","title":{"rendered":"Definici\u00f3n OAIM (Oficina de Acceso a la Informaci\u00f3n Municipal)"},"content":{"rendered":"<p style=\"text-align: justify\">El Ayuntamiento Municipal de Mao, con el objetivo de mantener una transparencia en sus acciones, brindar confianza a los mun\u00edcipes, tener una municipalidad informada y part\u00edcipe de las informaciones generada, crea este <strong>PORTAL INTERACTIVO<\/strong> y hacemos disponible todo lo requerido por la<strong>\u00a0Ley General de Libre Acceso a la Informaci\u00f3n P\u00fablica, Ley 200-04\u00a0<\/strong>y el<strong>\u00a0Decreto No. 130-05\u00a0<\/strong>que crea el reglamento de la ley.<\/p>\n<p style=\"text-align: justify\"><em><strong>\u00a0<\/strong><\/em><\/p>\n<p style=\"text-align: justify\"><em><strong>Art\u00edculo 5<\/strong><\/em><strong>.-<\/strong>\u00a0\u00abSe dispone la informatizaci\u00f3n y la incorporaci\u00f3n al sistema de comunicaci\u00f3n por Internet, o a cualquier otro sistema similar que en el futuro se establezca, de todos los organismos p\u00fablicos centralizados y descentralizados del Estado, incluyendo el Distrito Nacional y los Municipios, con la finalidad de garantizar a trav\u00e9s de \u00e9ste un acceso directo del p\u00fablico a la informaci\u00f3n del Estado.\u00bb<\/p>\n<p style=\"text-align: justify\">\n<p style=\"text-align: justify\">Todos los poderes y organismos del Estado deber\u00e1n instrumentar la publicaci\u00f3n de sus respectivas \u00abP\u00e1ginas Web\u00bb a los siguientes fines:<\/p>\n<p style=\"text-align: justify\">\n<ul>\n<li><strong> Difusi\u00f3n de Informaci\u00f3n:<\/strong><\/li>\n<\/ul>\n<p>Estructura, integrantes, normativas de funcionamiento, proyectos, informes de gesti\u00f3n, base de datos;<\/p>\n<p>&nbsp;<\/p>\n<ul>\n<li><strong> Centro de Intercambio y Atenci\u00f3n al Cliente o Usuario:<\/strong><\/li>\n<\/ul>\n<p>Consultas, quejas y sugerencias;<\/p>\n<p>&nbsp;<\/p>\n<ul>\n<li><strong> Tr\u00e1mites o Transacciones Bilaterales:\u00a0<\/strong><\/li>\n<\/ul>\n<p style=\"text-align: justify\">\u00abLa informaci\u00f3n a que hace referencia el p\u00e1rrafo anterior ser\u00e1 de libre acceso al p\u00fablico sin necesidad de petici\u00f3n previa\u00bb.<\/p>\n<p style=\"text-align: justify\">\n<p style=\"text-align: justify\"><strong><em>\u00abNuestro Portal cumple con las especificaciones contempladas en la Ley 200-04, la cual establece la actualizaci\u00f3n permanente de las informaciones ofrecidas en el mismo\u00bb.<\/em><\/strong><\/p>\n","protected":false},"excerpt":{"rendered":"El Ayuntamiento Municipal de Mao, con el objetivo de mantener una transparencia en sus acciones, brindar confianza a los mun\u00edcipes, tener una municipalidad informada y part\u00edcipe de las informaciones generada, crea este PORTAL INTERACTIVO y hacemos disponible todo lo requerido por la\u00a0Ley General de Libre Acceso a la Informaci\u00f3n P\u00fablica, Ley 200-04\u00a0y el\u00a0Decreto No. 130-05\u00a0que&#8230;","protected":false},"author":4,"featured_media":0,"parent":0,"menu_order":0,"comment_status":"closed","ping_status":"closed","template":"","meta":[],"acf":[],"_links":{"self":[{"href":"https:\/\/ayuntamientomao.gob.do\/transparencia\/wp-json\/wp\/v2\/pages\/78"}],"collection":[{"href":"https:\/\/ayuntamientomao.gob.do\/transparencia\/wp-json\/wp\/v2\/pages"}],"about":[{"href":"https:\/\/ayuntamientomao.gob.do\/transparencia\/wp-json\/wp\/v2\/types\/page"}],"author":[{"embeddable":true,"href":"https:\/\/ayuntamientomao.gob.do\/transparencia\/wp-json\/wp\/v2\/users\/4"}],"replies":[{"embeddable":true,"href":"https:\/\/ayuntamientomao.gob.do\/transparencia\/wp-json\/wp\/v2\/comments?post=78"}],"version-history":[{"count":6,"href":"https:\/\/ayuntamientomao.gob.do\/transparencia\/wp-json\/wp\/v2\/pages\/78\/revisions"}],"predecessor-version":[{"id":574,"href":"https:\/\/ayuntamientomao.gob.do\/transparencia\/wp-json\/wp\/v2\/pages\/78\/revisions\/574"}],"wp:attachment":[{"href":"https:\/\/ayuntamientomao.gob.do\/transparencia\/wp-json\/wp\/v2\/media?parent=78"}],"curies":[{"name":"wp","href":"https:\/\/api.w.org\/{rel}","templated":true}]}}