{"id":258,"date":"2018-01-22T10:17:40","date_gmt":"2018-01-22T14:17:40","guid":{"rendered":"http:\/\/alcaldiamao.gob.do\/transparencia\/?page_id=258"},"modified":"2025-08-11T10:44:08","modified_gmt":"2025-08-11T14:44:08","slug":"responsable-de-acceso-a-la-informacion","status":"publish","type":"page","link":"https:\/\/ayuntamientomao.gob.do\/transparencia\/responsable-de-acceso-a-la-informacion\/","title":{"rendered":"Responsable de Acceso a la Informaci\u00f3n"},"content":{"rendered":"<p><strong>Responsable de Acceso a la Informaci\u00f3n (RAI)<\/strong><\/p>\n<p>Celular:<br \/>\nTel\u00e9fono: 809-572-3397<br \/>\nExtensi\u00f3n: 106<\/p>\n<p>Correo: oaiayuntamientomao@gmail.com<\/p>\n","protected":false},"excerpt":{"rendered":"Responsable de Acceso a la Informaci\u00f3n (RAI) Celular: Tel\u00e9fono: 809-572-3397 Extensi\u00f3n: 106 Correo: oaiayuntamientomao@gmail.com","protected":false},"author":4,"featured_media":0,"parent":0,"menu_order":0,"comment_status":"closed","ping_status":"closed","template":"","meta":[],"acf":[],"_links":{"self":[{"href":"https:\/\/ayuntamientomao.gob.do\/transparencia\/wp-json\/wp\/v2\/pages\/258"}],"collection":[{"href":"https:\/\/ayuntamientomao.gob.do\/transparencia\/wp-json\/wp\/v2\/pages"}],"about":[{"href":"https:\/\/ayuntamientomao.gob.do\/transparencia\/wp-json\/wp\/v2\/types\/page"}],"author":[{"embeddable":true,"href":"https:\/\/ayuntamientomao.gob.do\/transparencia\/wp-json\/wp\/v2\/users\/4"}],"replies":[{"embeddable":true,"href":"https:\/\/ayuntamientomao.gob.do\/transparencia\/wp-json\/wp\/v2\/comments?post=258"}],"version-history":[{"count":5,"href":"https:\/\/ayuntamientomao.gob.do\/transparencia\/wp-json\/wp\/v2\/pages\/258\/revisions"}],"predecessor-version":[{"id":2350,"href":"https:\/\/ayuntamientomao.gob.do\/transparencia\/wp-json\/wp\/v2\/pages\/258\/revisions\/2350"}],"wp:attachment":[{"href":"https:\/\/ayuntamientomao.gob.do\/transparencia\/wp-json\/wp\/v2\/media?parent=258"}],"curies":[{"name":"wp","href":"https:\/\/api.w.org\/{rel}","templated":true}]}}